{"id":77,"date":"2016-12-13T21:37:55","date_gmt":"2016-12-13T19:37:55","guid":{"rendered":"http:\/\/www.kopp-meisterwerkstatt.de\/?page_id=77"},"modified":"2022-02-02T20:18:13","modified_gmt":"2022-02-02T19:18:13","slug":"flaschengas","status":"publish","type":"page","link":"http:\/\/www.kopp-meisterwerkstatt.de\/?page_id=77","title":{"rendered":"Flaschengas"},"content":{"rendered":"<h2 style=\"text-align: center; padding-left: 30px;\"><strong>Ab sofort erhalten Sie bei uns Flaschengas.<\/strong><\/h2>\n<p>&nbsp;<\/p>\n<p style=\"text-align: center;\">Bei uns erhalten sie ab sofort Flaschengas aus dem Hause&nbsp;Tyczka Totalgas<a href=\"https:\/\/www.kopp-meisterwerkstatt.de\/wp-content\/uploads\/2016\/12\/flaschen_klein_skalliert.png\"><img loading=\"lazy\" decoding=\"async\" class=\"alignnone size-medium wp-image-84\" src=\"https:\/\/www.kopp-meisterwerkstatt.de\/wp-content\/uploads\/2016\/12\/flaschen_klein_skalliert-300x223.png\" alt=\"\" width=\"300\" height=\"223\" srcset=\"https:\/\/www.kopp-meisterwerkstatt.de\/wp-content\/uploads\/2016\/12\/flaschen_klein_skalliert-300x223.png 300w, https:\/\/www.kopp-meisterwerkstatt.de\/wp-content\/uploads\/2016\/12\/flaschen_klein_skalliert-404x300.png 404w, https:\/\/www.kopp-meisterwerkstatt.de\/wp-content\/uploads\/2016\/12\/flaschen_klein_skalliert.png 551w\" sizes=\"auto, (max-width: 300px) 100vw, 300px\" \/><\/a>.<\/p>\n<p style=\"text-align: left;\">Folgende Flaschenarten haben wir f\u00fcr Sie auf Lager:<\/p>\n<ul>\n<li style=\"text-align: left;\">5 KG Propangas<\/li>\n<li style=\"text-align: left;\">11 KG Propangas<\/li>\n<li style=\"text-align: left;\">33 KG Propangas<\/li>\n<li style=\"text-align: left;\">11 KG Motogas<\/li>\n<li style=\"text-align: left;\">11 KG Propangas Aluminium<\/li>\n<\/ul>\n<p>&nbsp;<\/p>\n<p>Sollten Sie gr\u00f6\u00dfere Mengen oder besondere W\u00fcnsche haben sprechen Sie uns an.<\/p>\n<p>Sie erhalten das Flaschengas zu den Ihnen bekannten \u00d6ffnungszeiten.<\/p>\n<p>&nbsp;<\/p>\n<p><a href=\"https:\/\/www.kopp-meisterwerkstatt.de\/wp-content\/uploads\/2016\/12\/logo_gas.png\"><img loading=\"lazy\" decoding=\"async\" class=\"size-medium wp-image-85 aligncenter\" src=\"https:\/\/www.kopp-meisterwerkstatt.de\/wp-content\/uploads\/2016\/12\/logo_gas-300x75.png\" alt=\"\" width=\"300\" height=\"75\" srcset=\"https:\/\/www.kopp-meisterwerkstatt.de\/wp-content\/uploads\/2016\/12\/logo_gas-300x75.png 300w, https:\/\/www.kopp-meisterwerkstatt.de\/wp-content\/uploads\/2016\/12\/logo_gas-500x126.png 500w, https:\/\/www.kopp-meisterwerkstatt.de\/wp-content\/uploads\/2016\/12\/logo_gas.png 513w\" sizes=\"auto, (max-width: 300px) 100vw, 300px\" \/><\/a> Bildquelle:<a href=\"https:\/\/www.tytogaz.de\/\" target=\"_blank\" rel=\"noopener\">Tyczka Totalgas<\/a><\/p>\n","protected":false},"excerpt":{"rendered":"<p>Ab sofort erhalten Sie bei uns Flaschengas. &nbsp; Bei uns erhalten sie ab sofort Flaschengas aus dem Hause&nbsp;Tyczka Totalgas. Folgende Flaschenarten haben wir f\u00fcr Sie auf Lager: 5 KG Propangas 11 KG Propangas 33 KG Propangas 11 KG Motogas 11 &hellip; <a href=\"http:\/\/www.kopp-meisterwerkstatt.de\/?page_id=77\">Weiterlesen <span class=\"meta-nav\">&rarr;<\/span><\/a><\/p>\n","protected":false},"author":1,"featured_media":81,"parent":0,"menu_order":6,"comment_status":"closed","ping_status":"closed","template":"","meta":{"footnotes":""},"class_list":["post-77","page","type-page","status-publish","has-post-thumbnail","hentry"],"_links":{"self":[{"href":"http:\/\/www.kopp-meisterwerkstatt.de\/index.php?rest_route=\/wp\/v2\/pages\/77","targetHints":{"allow":["GET"]}}],"collection":[{"href":"http:\/\/www.kopp-meisterwerkstatt.de\/index.php?rest_route=\/wp\/v2\/pages"}],"about":[{"href":"http:\/\/www.kopp-meisterwerkstatt.de\/index.php?rest_route=\/wp\/v2\/types\/page"}],"author":[{"embeddable":true,"href":"http:\/\/www.kopp-meisterwerkstatt.de\/index.php?rest_route=\/wp\/v2\/users\/1"}],"replies":[{"embeddable":true,"href":"http:\/\/www.kopp-meisterwerkstatt.de\/index.php?rest_route=%2Fwp%2Fv2%2Fcomments&post=77"}],"version-history":[{"count":9,"href":"http:\/\/www.kopp-meisterwerkstatt.de\/index.php?rest_route=\/wp\/v2\/pages\/77\/revisions"}],"predecessor-version":[{"id":139,"href":"http:\/\/www.kopp-meisterwerkstatt.de\/index.php?rest_route=\/wp\/v2\/pages\/77\/revisions\/139"}],"wp:featuredmedia":[{"embeddable":true,"href":"http:\/\/www.kopp-meisterwerkstatt.de\/index.php?rest_route=\/wp\/v2\/media\/81"}],"wp:attachment":[{"href":"http:\/\/www.kopp-meisterwerkstatt.de\/index.php?rest_route=%2Fwp%2Fv2%2Fmedia&parent=77"}],"curies":[{"name":"wp","href":"https:\/\/api.w.org\/{rel}","templated":true}]}}