{"id":7,"date":"2013-06-25T19:19:33","date_gmt":"2013-06-25T17:19:33","guid":{"rendered":"http:\/\/www.kopp-meisterwerkstatt.de\/?page_id=7"},"modified":"2021-05-30T18:24:18","modified_gmt":"2021-05-30T16:24:18","slug":"impressum","status":"publish","type":"page","link":"http:\/\/www.kopp-meisterwerkstatt.de\/?page_id=7","title":{"rendered":"Impressum"},"content":{"rendered":"<h1>Impressum<\/h1>\n<p>Angaben gem\u00e4\u00df \u00a7 5 TMG:<\/p>\n<p>Christian Kopp<br \/>\nChristian Kopp PKW \/ LKW Meisterwerkstatt<br \/>\nGewerbepark Wispertal 20<br \/>\n65391 Lorch<\/p>\n<h2>Kontakt:<\/h2>\n<table>\n<tbody>\n<tr>\n<td>Telefon:<\/td>\n<td>+49 (0) 6726 807310<\/td>\n<\/tr>\n<tr>\n<td>Telefax:<\/td>\n<td>+49 (0) 6726 807309<\/td>\n<\/tr>\n<tr>\n<td>E-Mail:<\/td>\n<td><a href=\"mailto:info@kopp-meisterwerkstatt.de\">info@kopp-meisterwerkstatt.de<\/a><\/td>\n<\/tr>\n<\/tbody>\n<\/table>\n<h2>Umsatzsteuer-ID:<\/h2>\n<p>Umsatzsteuer-Identifikationsnummer gem\u00e4\u00df \u00a727 a Umsatzsteuergesetz:<br \/>\nDE 255899828<\/p>\n<h2>Aufsichtsbeh\u00f6rde:<\/h2>\n<p>Handwerkskammer Wiesbaden<\/p>\n<p>Berufsbezeichnung: Kraftfahrzeug-Techniker-Meister<br \/>\nZust\u00e4ndige Kammer: Handwerkskammer<br \/>\nVerliehen in: Hessen<br \/>\nEs gelten folgende berufsrechtliche Regelungen:<br \/>\nRegelungen einsehbar unter:<\/p>\n<h2>Verantwortlich f\u00fcr den Inhalt nach \u00a7 55 Abs. 2 RStV:<\/h2>\n<p>Christian Kopp<br \/>\nGewerbepark Wispertal 20<br \/>\nD-65391 Lorch<\/p>\n<h2>Quellenangaben f\u00fcr die verwendeten Bilder und Grafiken:<\/h2>\n<p><a href=\"https:\/\/www.kfz-hessen.de\">https:\/\/www.kfz-hessen.de<\/a><br \/>\n<a href=\"https:\/\/www.dekra.de\">https:\/\/www.dekra.de<\/a><br \/>\n<a href=\"https:\/\/www.kopp-meisterwerkstatt.de\">https:\/\/www.kopp-meisterwerkstatt.de<\/a><\/p>\n<p>Quelle: <i>Erstellt mit dem Impressum Generator von <a href=\"https:\/\/www.e-recht24.de\">https:\/\/www.e-recht24.de<\/a><\/i><\/p>\n<h2>Haftungsausschluss:<\/h2>\n<p><strong>Datenschutzerkl\u00e4rung f\u00fcr die Nutzung von Facebook-Plugins (Like-Button)<\/strong><\/p>\n<p>Auf unseren Seiten sind Plugins des sozialen Netzwerks Facebook, 1601 South California Avenue, Palo Alto, CA 94304, USA integriert. Die Facebook-Plugins erkennen Sie an dem Facebook-Logo oder dem &#8222;Like-Button&#8220; (&#8222;Gef\u00e4llt mir&#8220;) auf unserer Seite. Eine \u00dcbersicht \u00fcber die Facebook-Plugins finden Sie hier: <a href=\"https:\/\/developers.facebook.com\/docs\/plugins\/\" target=\"_blank\" rel=\"noopener\">https:\/\/developers.facebook.com\/docs\/plugins\/<\/a>.<br \/>\nWenn Sie unsere Seiten besuchen, wird \u00fcber das Plugin eine direkte Verbindung zwischen Ihrem Browser und dem Facebook-Server hergestellt. Facebook erh\u00e4lt dadurch die Information, dass Sie mit Ihrer IP-Adresse unsere Seite besucht haben. Wenn Sie den Facebook &#8222;Like-Button&#8220; anklicken w\u00e4hrend Sie in Ihrem Facebook-Account eingeloggt sind, k\u00f6nnen Sie die Inhalte unserer Seiten auf Ihrem Facebook-Profil verlinken. Dadurch kann Facebook den Besuch unserer Seiten Ihrem Benutzerkonto zuordnen. Wir weisen darauf hin, dass wir als Anbieter der Seiten keine Kenntnis vom Inhalt der \u00fcbermittelten Daten sowie deren Nutzung durch Facebook erhalten. Weitere Informationen hierzu finden Sie in der Datenschutzerkl\u00e4rung von facebook unter <a href=\"https:\/\/de-de.facebook.com\/policy.php\" target=\"_blank\" rel=\"noopener\"> https:\/\/de-de.facebook.com\/policy.php<\/a><\/p>\n<p>Wenn Sie nicht w\u00fcnschen, dass Facebook den Besuch unserer Seiten Ihrem Facebook-Nutzerkonto zuordnen kann, loggen Sie sich bitte aus Ihrem Facebook-Benutzerkonto aus.<\/p>\n<p><strong>Datenschutzerkl\u00e4rung f\u00fcr die Nutzung von Twitter<\/strong><\/p>\n<p>Auf unseren Seiten sind Funktionen des Dienstes Twitter eingebunden. Diese Funktionen werden angeboten durch die Twitter Inc., Twitter, Inc. 1355 Market St, Suite 900, San Francisco, CA 94103, USA. Durch das Benutzen von Twitter und der Funktion &#8222;Re-Tweet&#8220; werden die von Ihnen besuchten Webseiten mit Ihrem Twitter-Account verkn\u00fcpft und anderen Nutzern bekannt gegeben. Dabei werden auch Daten an Twitter \u00fcbertragen.<\/p>\n<p>Wir weisen darauf hin, dass wir als Anbieter der Seiten keine Kenntnis vom Inhalt der \u00fcbermittelten Daten sowie deren Nutzung durch Twitter erhalten. Weitere Informationen hierzu finden Sie in der Datenschutzerkl\u00e4rung von Twitter unter <a href=\"https:\/\/twitter.com\/privacy\" target=\"_blank\" rel=\"noopener\">https:\/\/twitter.com\/privacy<\/a>.<\/p>\n<p>Ihre Datenschutzeinstellungen bei Twitter k\u00f6nnen Sie in den Konto-Einstellungen unter <a href=\"https:\/\/twitter.com\/account\/settings\" target=\"_blank\" rel=\"noopener\">https:\/\/twitter.com\/account\/settings<\/a> \u00e4ndern.<\/p>\n<p><i>Quellverweis: <a href=\"https:\/\/www.e-recht24.de\/artikel\/datenschutz\/6590-facebook-like-button-datenschutz-disclaimer.html\" target=\"_blank\" rel=\"noopener\">eRecht24 Facebook Datenschutzerkl\u00e4rung<\/a>, <a href=\"https:\/\/twitter.com\/privacy\" target=\"_blank\" rel=\"noopener\">Datenschutzerkl\u00e4rung f\u00fcr Twitter<\/a><\/i><\/p>\n","protected":false},"excerpt":{"rendered":"<p>Impressum Angaben gem\u00e4\u00df \u00a7 5 TMG: Christian Kopp Christian Kopp PKW \/ LKW Meisterwerkstatt Gewerbepark Wispertal 20 65391 Lorch Kontakt: Telefon: +49 (0) 6726 807310 Telefax: +49 (0) 6726 807309 E-Mail: info@kopp-meisterwerkstatt.de Umsatzsteuer-ID: Umsatzsteuer-Identifikationsnummer gem\u00e4\u00df \u00a727 a Umsatzsteuergesetz: DE 255899828 &hellip; <a href=\"http:\/\/www.kopp-meisterwerkstatt.de\/?page_id=7\">Weiterlesen <span class=\"meta-nav\">&rarr;<\/span><\/a><\/p>\n","protected":false},"author":1,"featured_media":0,"parent":0,"menu_order":8,"comment_status":"closed","ping_status":"closed","template":"","meta":{"footnotes":""},"class_list":["post-7","page","type-page","status-publish","hentry"],"_links":{"self":[{"href":"http:\/\/www.kopp-meisterwerkstatt.de\/index.php?rest_route=\/wp\/v2\/pages\/7","targetHints":{"allow":["GET"]}}],"collection":[{"href":"http:\/\/www.kopp-meisterwerkstatt.de\/index.php?rest_route=\/wp\/v2\/pages"}],"about":[{"href":"http:\/\/www.kopp-meisterwerkstatt.de\/index.php?rest_route=\/wp\/v2\/types\/page"}],"author":[{"embeddable":true,"href":"http:\/\/www.kopp-meisterwerkstatt.de\/index.php?rest_route=\/wp\/v2\/users\/1"}],"replies":[{"embeddable":true,"href":"http:\/\/www.kopp-meisterwerkstatt.de\/index.php?rest_route=%2Fwp%2Fv2%2Fcomments&post=7"}],"version-history":[{"count":11,"href":"http:\/\/www.kopp-meisterwerkstatt.de\/index.php?rest_route=\/wp\/v2\/pages\/7\/revisions"}],"predecessor-version":[{"id":116,"href":"http:\/\/www.kopp-meisterwerkstatt.de\/index.php?rest_route=\/wp\/v2\/pages\/7\/revisions\/116"}],"wp:attachment":[{"href":"http:\/\/www.kopp-meisterwerkstatt.de\/index.php?rest_route=%2Fwp%2Fv2%2Fmedia&parent=7"}],"curies":[{"name":"wp","href":"https:\/\/api.w.org\/{rel}","templated":true}]}}