{"id":33,"date":"2013-06-26T09:44:42","date_gmt":"2013-06-26T07:44:42","guid":{"rendered":"http:\/\/www.kopp-meisterwerkstatt.de\/?page_id=33"},"modified":"2013-06-26T09:44:58","modified_gmt":"2013-06-26T07:44:58","slug":"uber-uns","status":"publish","type":"page","link":"http:\/\/www.kopp-meisterwerkstatt.de\/?page_id=33","title":{"rendered":"\u00dcber uns"},"content":{"rendered":"<p style=\"text-align: left;\">Die Firma Christian Kopp PKW &amp; LKW Meisterwerkstatt wurde im November 2011 er\u00f6ffnet . Der Gr\u00fcnder und Inhaber Christian Kopp, geb. 1984, ist gelernter KFZ-Mechaniker aus dem Hause Mercedes Benz. Er absolvierte 2006 erfolgreich seine Meisterpr\u00fcfung in Koblenz.<\/p>\n<p style=\"text-align: left;\">Die Berufliche Laufbahn bestand unter anderem aus der Leitung einer Speditionswerkstatt, sowie als Mitarbeiter bei Mercedes-Benz in Wiesbaden.<\/p>\n<p style=\"text-align: left;\">Die Firma Kopp bietet Ihnen einen rundum Service f\u00fcr alle Fahrzeuge. PKW, LKW, Landmaschine, Traktor, Roller, Moped, Motorrad, Fahrrad usw. usw. alle Fahrzeuge werden hier gewartet, repariert und instandgesetzt.<br \/>\nDie Firma Kopp verf\u00fcgt \u00fcber modernste Diagnose-Technik, sowie das n\u00f6gite Know-How f\u00fcr die Instandsetzung aller Fahrzeuge.<\/p>\n<p style=\"text-align: left;\">-Geht nicht, gibts nicht- das ist unsere Devise!!<\/p>\n","protected":false},"excerpt":{"rendered":"<p>Die Firma Christian Kopp PKW &amp; LKW Meisterwerkstatt wurde im November 2011 er\u00f6ffnet . Der Gr\u00fcnder und Inhaber Christian Kopp, geb. 1984, ist gelernter KFZ-Mechaniker aus dem Hause Mercedes Benz. Er absolvierte 2006 erfolgreich seine Meisterpr\u00fcfung in Koblenz. Die Berufliche &hellip; <a href=\"http:\/\/www.kopp-meisterwerkstatt.de\/?page_id=33\">Weiterlesen <span class=\"meta-nav\">&rarr;<\/span><\/a><\/p>\n","protected":false},"author":1,"featured_media":34,"parent":0,"menu_order":1,"comment_status":"closed","ping_status":"open","template":"","meta":{"footnotes":""},"class_list":["post-33","page","type-page","status-publish","has-post-thumbnail","hentry"],"_links":{"self":[{"href":"http:\/\/www.kopp-meisterwerkstatt.de\/index.php?rest_route=\/wp\/v2\/pages\/33","targetHints":{"allow":["GET"]}}],"collection":[{"href":"http:\/\/www.kopp-meisterwerkstatt.de\/index.php?rest_route=\/wp\/v2\/pages"}],"about":[{"href":"http:\/\/www.kopp-meisterwerkstatt.de\/index.php?rest_route=\/wp\/v2\/types\/page"}],"author":[{"embeddable":true,"href":"http:\/\/www.kopp-meisterwerkstatt.de\/index.php?rest_route=\/wp\/v2\/users\/1"}],"replies":[{"embeddable":true,"href":"http:\/\/www.kopp-meisterwerkstatt.de\/index.php?rest_route=%2Fwp%2Fv2%2Fcomments&post=33"}],"version-history":[{"count":5,"href":"http:\/\/www.kopp-meisterwerkstatt.de\/index.php?rest_route=\/wp\/v2\/pages\/33\/revisions"}],"predecessor-version":[{"id":39,"href":"http:\/\/www.kopp-meisterwerkstatt.de\/index.php?rest_route=\/wp\/v2\/pages\/33\/revisions\/39"}],"wp:featuredmedia":[{"embeddable":true,"href":"http:\/\/www.kopp-meisterwerkstatt.de\/index.php?rest_route=\/wp\/v2\/media\/34"}],"wp:attachment":[{"href":"http:\/\/www.kopp-meisterwerkstatt.de\/index.php?rest_route=%2Fwp%2Fv2%2Fmedia&parent=33"}],"curies":[{"name":"wp","href":"https:\/\/api.w.org\/{rel}","templated":true}]}}