{"id":106,"date":"2021-05-30T01:26:24","date_gmt":"2021-05-29T23:26:24","guid":{"rendered":"http:\/\/www.kopp-meisterwerkstatt.de\/?page_id=106"},"modified":"2025-01-04T22:28:29","modified_gmt":"2025-01-04T21:28:29","slug":"paket-shop","status":"publish","type":"page","link":"http:\/\/www.kopp-meisterwerkstatt.de\/?page_id=106","title":{"rendered":"Paket-Shop"},"content":{"rendered":"\n<p><strong>Bei Eurem Autodienst Kopp:<\/strong><\/p>\n\n\n\n<p><\/p>\n\n\n\n<h2 class=\"wp-block-heading has-text-align-center\"><strong>Paket-Shop Service f\u00fcr:<\/strong><\/h2>\n\n\n<div class=\"wp-block-image\">\n<figure class=\"aligncenter size-large\"><a href=\"httpss:\/\/gls-group.eu\/DE\/de\/home\" target=\"_blank\" rel=\"noopener\"><img loading=\"lazy\" decoding=\"async\" width=\"300\" height=\"150\" src=\"https:\/\/www.kopp-meisterwerkstatt.de\/wp-content\/uploads\/2021\/05\/GLS.jpg\" alt=\"\" class=\"wp-image-111\"\/><\/a><\/figure>\n<\/div>\n\n<div class=\"wp-block-image\">\n<figure class=\"aligncenter size-large\"><a href=\"httpss:\/\/www.ups.com\/de\/de\/Home.page\" target=\"_blank\" rel=\"noopener\"><img loading=\"lazy\" decoding=\"async\" width=\"300\" height=\"150\" src=\"https:\/\/www.kopp-meisterwerkstatt.de\/wp-content\/uploads\/2021\/05\/UPS.jpg\" alt=\"\" class=\"wp-image-112\"\/><\/a><\/figure>\n<\/div>\n\n<div class=\"wp-block-image\">\n<figure class=\"aligncenter size-large\"><a href=\"httpss:\/\/www.dpd.com\/de\/de\/\" target=\"_blank\" rel=\"noopener\"><img loading=\"lazy\" decoding=\"async\" width=\"300\" height=\"150\" src=\"https:\/\/www.kopp-meisterwerkstatt.de\/wp-content\/uploads\/2021\/05\/DPD.jpg\" alt=\"\" class=\"wp-image-110\"\/><\/a><\/figure>\n<\/div>\n\n\n<div class=\"wp-block-group\"><div class=\"wp-block-group__inner-container is-layout-flow wp-block-group-is-layout-flow\">\n<div class=\"wp-block-columns is-layout-flex wp-container-core-columns-is-layout-9d6595d7 wp-block-columns-is-layout-flex\">\n<div class=\"wp-block-column is-layout-flow wp-block-column-is-layout-flow\" style=\"flex-basis:100%\">\n<div class=\"wp-block-columns is-layout-flex wp-container-core-columns-is-layout-9d6595d7 wp-block-columns-is-layout-flex\">\n<div class=\"wp-block-column is-layout-flow wp-block-column-is-layout-flow\" style=\"flex-basis:100%\">\n<h2 class=\"wp-block-heading\"><strong>Was bedeutet das?<\/strong><\/h2>\n\n\n\n<h2 class=\"wp-block-heading\"><strong>Ihr k\u00f6nnt f\u00fcr die drei Versandunternehmen: <\/strong><\/h2>\n<\/div>\n<\/div>\n<\/div>\n<\/div>\n<\/div><\/div>\n\n\n\n<ul class=\"wp-block-list\">\n<li>Pakete zum Versand aufgeben<\/li>\n\n\n\n<li>R\u00fccksendungen auf.- ab.- geben<\/li>\n\n\n\n<li>Alternativ Zustellung im Paketshop buchen<\/li>\n\n\n\n<li>Eure Pakete die euch nicht zugestellt werden konnten, bei uns abholen<\/li>\n<\/ul>\n\n\n\n<p class=\"has-text-align-center\"><span class=\"has-inline-color has-vivid-red-color\">Beachtet dabei bitte unsere \u00d6ffnungszeiten<\/span>.<\/p>\n\n\n\n<p><\/p>\n","protected":false},"excerpt":{"rendered":"<p>Bei Eurem Autodienst Kopp: Paket-Shop Service f\u00fcr: Was bedeutet das? Ihr k\u00f6nnt f\u00fcr die drei Versandunternehmen: Beachtet dabei bitte unsere \u00d6ffnungszeiten.<\/p>\n","protected":false},"author":1,"featured_media":119,"parent":0,"menu_order":7,"comment_status":"closed","ping_status":"closed","template":"","meta":{"footnotes":""},"class_list":["post-106","page","type-page","status-publish","has-post-thumbnail","hentry"],"_links":{"self":[{"href":"http:\/\/www.kopp-meisterwerkstatt.de\/index.php?rest_route=\/wp\/v2\/pages\/106","targetHints":{"allow":["GET"]}}],"collection":[{"href":"http:\/\/www.kopp-meisterwerkstatt.de\/index.php?rest_route=\/wp\/v2\/pages"}],"about":[{"href":"http:\/\/www.kopp-meisterwerkstatt.de\/index.php?rest_route=\/wp\/v2\/types\/page"}],"author":[{"embeddable":true,"href":"http:\/\/www.kopp-meisterwerkstatt.de\/index.php?rest_route=\/wp\/v2\/users\/1"}],"replies":[{"embeddable":true,"href":"http:\/\/www.kopp-meisterwerkstatt.de\/index.php?rest_route=%2Fwp%2Fv2%2Fcomments&post=106"}],"version-history":[{"count":5,"href":"http:\/\/www.kopp-meisterwerkstatt.de\/index.php?rest_route=\/wp\/v2\/pages\/106\/revisions"}],"predecessor-version":[{"id":165,"href":"http:\/\/www.kopp-meisterwerkstatt.de\/index.php?rest_route=\/wp\/v2\/pages\/106\/revisions\/165"}],"wp:featuredmedia":[{"embeddable":true,"href":"http:\/\/www.kopp-meisterwerkstatt.de\/index.php?rest_route=\/wp\/v2\/media\/119"}],"wp:attachment":[{"href":"http:\/\/www.kopp-meisterwerkstatt.de\/index.php?rest_route=%2Fwp%2Fv2%2Fmedia&parent=106"}],"curies":[{"name":"wp","href":"https:\/\/api.w.org\/{rel}","templated":true}]}}